{"id":3279,"date":"2023-06-06T10:53:10","date_gmt":"2023-06-06T14:53:10","guid":{"rendered":"https:\/\/ecoparc.ca\/location\/ice\/"},"modified":"2024-05-15T11:49:10","modified_gmt":"2024-05-15T15:49:10","slug":"ice","status":"publish","type":"product","link":"https:\/\/casier.ecoparc.ca\/en\/location\/ice\/","title":{"rendered":"Ice"},"content":{"rendered":"","protected":false},"excerpt":{"rendered":"","protected":false},"featured_media":3278,"template":"","meta":{"_acf_changed":false},"product_brand":[],"product_cat":[66,122],"product_tag":[],"class_list":{"0":"post-3279","1":"product","2":"type-product","3":"status-publish","4":"has-post-thumbnail","6":"product_cat-all","7":"product_cat-products-available-in-crate","9":"first","10":"instock","11":"taxable","12":"shipping-taxable","13":"purchasable","14":"product-type-simple"},"acf":[],"yoast_head":"<!-- This site is optimized with the Yoast SEO plugin v25.7 - https:\/\/yoast.com\/wordpress\/plugins\/seo\/ -->\n<title>Ice - Aventure \u00e9co-parc Mauricie<\/title>\n<meta name=\"robots\" content=\"index, follow, max-snippet:-1, max-image-preview:large, max-video-preview:-1\" \/>\n<link rel=\"canonical\" href=\"https:\/\/casier.ecoparc.ca\/en\/location\/ice\/\" \/>\n<meta property=\"og:locale\" content=\"en_US\" \/>\n<meta property=\"og:type\" content=\"article\" \/>\n<meta property=\"og:title\" content=\"Ice - Aventure \u00e9co-parc Mauricie\" \/>\n<meta property=\"og:url\" content=\"https:\/\/casier.ecoparc.ca\/en\/location\/ice\/\" \/>\n<meta property=\"og:site_name\" content=\"Aventure \u00e9co-parc Mauricie\" \/>\n<meta property=\"article:publisher\" content=\"https:\/\/www.facebook.com\/aventure.ecoparc.mauricie\/\" \/>\n<meta property=\"article:modified_time\" content=\"2024-05-15T15:49:10+00:00\" \/>\n<meta property=\"og:image\" content=\"https:\/\/casier.ecoparc.ca\/wp-content\/uploads\/2023\/06\/AEM_equipement-illustration_avec-bulle_glace.png\" \/>\n\t<meta property=\"og:image:width\" content=\"2501\" \/>\n\t<meta property=\"og:image:height\" content=\"2501\" \/>\n\t<meta property=\"og:image:type\" content=\"image\/png\" \/>\n<meta name=\"twitter:card\" content=\"summary_large_image\" \/>\n<script type=\"application\/ld+json\" class=\"yoast-schema-graph\">{\"@context\":\"https:\/\/schema.org\",\"@graph\":[{\"@type\":\"WebPage\",\"@id\":\"https:\/\/casier.ecoparc.ca\/en\/location\/ice\/\",\"url\":\"https:\/\/casier.ecoparc.ca\/en\/location\/ice\/\",\"name\":\"Ice - Aventure \u00e9co-parc Mauricie\",\"isPartOf\":{\"@id\":\"https:\/\/casier.ecoparc.ca\/en\/#website\"},\"primaryImageOfPage\":{\"@id\":\"https:\/\/casier.ecoparc.ca\/en\/location\/ice\/#primaryimage\"},\"image\":{\"@id\":\"https:\/\/casier.ecoparc.ca\/en\/location\/ice\/#primaryimage\"},\"thumbnailUrl\":\"https:\/\/casier.ecoparc.ca\/wp-content\/uploads\/2023\/06\/AEM_equipement-illustration_avec-bulle_glace.png\",\"datePublished\":\"2023-06-06T14:53:10+00:00\",\"dateModified\":\"2024-05-15T15:49:10+00:00\",\"breadcrumb\":{\"@id\":\"https:\/\/casier.ecoparc.ca\/en\/location\/ice\/#breadcrumb\"},\"inLanguage\":\"en-US\",\"potentialAction\":[{\"@type\":\"ReadAction\",\"target\":[\"https:\/\/casier.ecoparc.ca\/en\/location\/ice\/\"]}]},{\"@type\":\"ImageObject\",\"inLanguage\":\"en-US\",\"@id\":\"https:\/\/casier.ecoparc.ca\/en\/location\/ice\/#primaryimage\",\"url\":\"https:\/\/casier.ecoparc.ca\/wp-content\/uploads\/2023\/06\/AEM_equipement-illustration_avec-bulle_glace.png\",\"contentUrl\":\"https:\/\/casier.ecoparc.ca\/wp-content\/uploads\/2023\/06\/AEM_equipement-illustration_avec-bulle_glace.png\",\"width\":2501,\"height\":2501},{\"@type\":\"BreadcrumbList\",\"@id\":\"https:\/\/casier.ecoparc.ca\/en\/location\/ice\/#breadcrumb\",\"itemListElement\":[{\"@type\":\"ListItem\",\"position\":1,\"name\":\"Accueil\",\"item\":\"https:\/\/casier.ecoparc.ca\/en\/\"},{\"@type\":\"ListItem\",\"position\":2,\"name\":\"Location\",\"item\":\"https:\/\/casier.ecoparc.ca\/location\/\"},{\"@type\":\"ListItem\",\"position\":3,\"name\":\"Ice\"}]},{\"@type\":\"WebSite\",\"@id\":\"https:\/\/casier.ecoparc.ca\/en\/#website\",\"url\":\"https:\/\/casier.ecoparc.ca\/en\/\",\"name\":\"Aventure \u00e9co-parc Mauricie\",\"description\":\"H\u00e9bergement et activit\u00e9s au coeur du parc national de la Mauricie\",\"publisher\":{\"@id\":\"https:\/\/casier.ecoparc.ca\/en\/#organization\"},\"potentialAction\":[{\"@type\":\"SearchAction\",\"target\":{\"@type\":\"EntryPoint\",\"urlTemplate\":\"https:\/\/casier.ecoparc.ca\/en\/?s={search_term_string}\"},\"query-input\":{\"@type\":\"PropertyValueSpecification\",\"valueRequired\":true,\"valueName\":\"search_term_string\"}}],\"inLanguage\":\"en-US\"},{\"@type\":\"Organization\",\"@id\":\"https:\/\/casier.ecoparc.ca\/en\/#organization\",\"name\":\"Aventure \u00e9co-parc Mauricie\",\"url\":\"https:\/\/casier.ecoparc.ca\/en\/\",\"logo\":{\"@type\":\"ImageObject\",\"inLanguage\":\"en-US\",\"@id\":\"https:\/\/casier.ecoparc.ca\/en\/#\/schema\/logo\/image\/\",\"url\":\"https:\/\/ecoparc.ca\/wp-content\/uploads\/2022\/12\/Logo_AEM_Horizontal_Officiel_Colors_RVB.svg\",\"contentUrl\":\"https:\/\/ecoparc.ca\/wp-content\/uploads\/2022\/12\/Logo_AEM_Horizontal_Officiel_Colors_RVB.svg\",\"width\":1083,\"height\":444,\"caption\":\"Aventure \u00e9co-parc Mauricie\"},\"image\":{\"@id\":\"https:\/\/casier.ecoparc.ca\/en\/#\/schema\/logo\/image\/\"},\"sameAs\":[\"https:\/\/www.facebook.com\/aventure.ecoparc.mauricie\/\",\"https:\/\/www.instagram.com\/aventure.ecoparc.mauricie\/\"]}]}<\/script>\n<!-- \/ Yoast SEO plugin. -->","yoast_head_json":{"title":"Ice - Aventure \u00e9co-parc Mauricie","robots":{"index":"index","follow":"follow","max-snippet":"max-snippet:-1","max-image-preview":"max-image-preview:large","max-video-preview":"max-video-preview:-1"},"canonical":"https:\/\/casier.ecoparc.ca\/en\/location\/ice\/","og_locale":"en_US","og_type":"article","og_title":"Ice - Aventure \u00e9co-parc Mauricie","og_url":"https:\/\/casier.ecoparc.ca\/en\/location\/ice\/","og_site_name":"Aventure \u00e9co-parc Mauricie","article_publisher":"https:\/\/www.facebook.com\/aventure.ecoparc.mauricie\/","article_modified_time":"2024-05-15T15:49:10+00:00","og_image":[{"width":2501,"height":2501,"url":"https:\/\/casier.ecoparc.ca\/wp-content\/uploads\/2023\/06\/AEM_equipement-illustration_avec-bulle_glace.png","type":"image\/png"}],"twitter_card":"summary_large_image","schema":{"@context":"https:\/\/schema.org","@graph":[{"@type":"WebPage","@id":"https:\/\/casier.ecoparc.ca\/en\/location\/ice\/","url":"https:\/\/casier.ecoparc.ca\/en\/location\/ice\/","name":"Ice - Aventure \u00e9co-parc Mauricie","isPartOf":{"@id":"https:\/\/casier.ecoparc.ca\/en\/#website"},"primaryImageOfPage":{"@id":"https:\/\/casier.ecoparc.ca\/en\/location\/ice\/#primaryimage"},"image":{"@id":"https:\/\/casier.ecoparc.ca\/en\/location\/ice\/#primaryimage"},"thumbnailUrl":"https:\/\/casier.ecoparc.ca\/wp-content\/uploads\/2023\/06\/AEM_equipement-illustration_avec-bulle_glace.png","datePublished":"2023-06-06T14:53:10+00:00","dateModified":"2024-05-15T15:49:10+00:00","breadcrumb":{"@id":"https:\/\/casier.ecoparc.ca\/en\/location\/ice\/#breadcrumb"},"inLanguage":"en-US","potentialAction":[{"@type":"ReadAction","target":["https:\/\/casier.ecoparc.ca\/en\/location\/ice\/"]}]},{"@type":"ImageObject","inLanguage":"en-US","@id":"https:\/\/casier.ecoparc.ca\/en\/location\/ice\/#primaryimage","url":"https:\/\/casier.ecoparc.ca\/wp-content\/uploads\/2023\/06\/AEM_equipement-illustration_avec-bulle_glace.png","contentUrl":"https:\/\/casier.ecoparc.ca\/wp-content\/uploads\/2023\/06\/AEM_equipement-illustration_avec-bulle_glace.png","width":2501,"height":2501},{"@type":"BreadcrumbList","@id":"https:\/\/casier.ecoparc.ca\/en\/location\/ice\/#breadcrumb","itemListElement":[{"@type":"ListItem","position":1,"name":"Accueil","item":"https:\/\/casier.ecoparc.ca\/en\/"},{"@type":"ListItem","position":2,"name":"Location","item":"https:\/\/casier.ecoparc.ca\/location\/"},{"@type":"ListItem","position":3,"name":"Ice"}]},{"@type":"WebSite","@id":"https:\/\/casier.ecoparc.ca\/en\/#website","url":"https:\/\/casier.ecoparc.ca\/en\/","name":"Aventure \u00e9co-parc Mauricie","description":"H\u00e9bergement et activit\u00e9s au coeur du parc national de la Mauricie","publisher":{"@id":"https:\/\/casier.ecoparc.ca\/en\/#organization"},"potentialAction":[{"@type":"SearchAction","target":{"@type":"EntryPoint","urlTemplate":"https:\/\/casier.ecoparc.ca\/en\/?s={search_term_string}"},"query-input":{"@type":"PropertyValueSpecification","valueRequired":true,"valueName":"search_term_string"}}],"inLanguage":"en-US"},{"@type":"Organization","@id":"https:\/\/casier.ecoparc.ca\/en\/#organization","name":"Aventure \u00e9co-parc Mauricie","url":"https:\/\/casier.ecoparc.ca\/en\/","logo":{"@type":"ImageObject","inLanguage":"en-US","@id":"https:\/\/casier.ecoparc.ca\/en\/#\/schema\/logo\/image\/","url":"https:\/\/ecoparc.ca\/wp-content\/uploads\/2022\/12\/Logo_AEM_Horizontal_Officiel_Colors_RVB.svg","contentUrl":"https:\/\/ecoparc.ca\/wp-content\/uploads\/2022\/12\/Logo_AEM_Horizontal_Officiel_Colors_RVB.svg","width":1083,"height":444,"caption":"Aventure \u00e9co-parc Mauricie"},"image":{"@id":"https:\/\/casier.ecoparc.ca\/en\/#\/schema\/logo\/image\/"},"sameAs":["https:\/\/www.facebook.com\/aventure.ecoparc.mauricie\/","https:\/\/www.instagram.com\/aventure.ecoparc.mauricie\/"]}]}},"_links":{"self":[{"href":"https:\/\/casier.ecoparc.ca\/en\/wp-json\/wp\/v2\/product\/3279","targetHints":{"allow":["GET"]}}],"collection":[{"href":"https:\/\/casier.ecoparc.ca\/en\/wp-json\/wp\/v2\/product"}],"about":[{"href":"https:\/\/casier.ecoparc.ca\/en\/wp-json\/wp\/v2\/types\/product"}],"wp:featuredmedia":[{"embeddable":true,"href":"https:\/\/casier.ecoparc.ca\/en\/wp-json\/wp\/v2\/media\/3278"}],"wp:attachment":[{"href":"https:\/\/casier.ecoparc.ca\/en\/wp-json\/wp\/v2\/media?parent=3279"}],"wp:term":[{"taxonomy":"product_brand","embeddable":true,"href":"https:\/\/casier.ecoparc.ca\/en\/wp-json\/wp\/v2\/product_brand?post=3279"},{"taxonomy":"product_cat","embeddable":true,"href":"https:\/\/casier.ecoparc.ca\/en\/wp-json\/wp\/v2\/product_cat?post=3279"},{"taxonomy":"product_tag","embeddable":true,"href":"https:\/\/casier.ecoparc.ca\/en\/wp-json\/wp\/v2\/product_tag?post=3279"}],"curies":[{"name":"wp","href":"https:\/\/api.w.org\/{rel}","templated":true}]}}